{"id":13218,"date":"2021-10-21T14:15:08","date_gmt":"2021-10-21T12:15:08","guid":{"rendered":"https:\/\/galerieschwind.superhappydesign.de\/about\/"},"modified":"2025-05-13T12:17:12","modified_gmt":"2025-05-13T10:17:12","slug":"about","status":"publish","type":"page","link":"https:\/\/www.galerie-schwind.de\/en\/about\/","title":{"rendered":"About"},"content":{"rendered":"\n<h3 class=\"wp-block-heading\" id=\"galerie_schwind\">HISTORY OF THE SCHWIND GALLERY<\/h3>\n\n<h5 class=\"wp-block-heading\" id=\"die-galerie-schwind-wurde-1989-in-frankfurt-am-main-gegrundet-der-damalige-geschaftsfuhrer-karl-schwind-pflegte-bereits-zuvor-kontakt-zur-jungen-kunstszene-in-leipzig-und-dresden-weshalb-von-beginn-an-leipziger-kunstler-durch-die-galerie-vertreten-sind\">Galerie Schwind was founded in Frankfurt am Main in 1989. The managing director at the time, Karl Schwind, had already been in contact with the young art scene in Leipzig and Dresden, which is why Leipzig artists have been represented by the gallery from the very beginning. <\/h5>\n\n<div class=\"wp-block-columns is-layout-flex wp-container-core-columns-is-layout-9d6595d7 wp-block-columns-is-layout-flex\">\n<div class=\"wp-block-column is-layout-flow wp-block-column-is-layout-flow\" style=\"flex-basis:66.66%\">\n<figure class=\"wp-block-image size-full\"><img loading=\"lazy\" decoding=\"async\" width=\"834\" height=\"530\" src=\"http:\/\/galerieschwind.superhappydesign.de\/\/\/wp-content\/uploads\/2021\/10\/Galerie-Berlin-e1522943066289.jpg\" alt=\"\" class=\"wp-image-3597\" srcset=\"https:\/\/www.galerie-schwind.de\/wp-content\/uploads\/2021\/10\/Galerie-Berlin-e1522943066289.jpg 834w, https:\/\/www.galerie-schwind.de\/wp-content\/uploads\/2021\/10\/Galerie-Berlin-e1522943066289-600x381.jpg 600w, https:\/\/www.galerie-schwind.de\/wp-content\/uploads\/2021\/10\/Galerie-Berlin-e1522943066289-150x95.jpg 150w, https:\/\/www.galerie-schwind.de\/wp-content\/uploads\/2021\/10\/Galerie-Berlin-e1522943066289-768x488.jpg 768w\" sizes=\"auto, (max-width: 834px) 100vw, 834px\" \/><figcaption class=\"wp-element-caption\">Springerstra\u00dfe 5, 04105 Leipzig<\/figcaption><\/figure>\n<\/div>\n\n\n\n<div class=\"wp-block-column is-layout-flow wp-block-column-is-layout-flow\" style=\"flex-basis:33.33%\">\n<figure class=\"wp-block-image size-full\"><img loading=\"lazy\" decoding=\"async\" width=\"409\" height=\"530\" src=\"http:\/\/galerieschwind.superhappydesign.de\/\/\/wp-content\/uploads\/2021\/10\/e57c9244-92fa-407f-9407-e2b17f732f05-1-e1571385937680.jpg\" alt=\"\" class=\"wp-image-3595\" srcset=\"https:\/\/www.galerie-schwind.de\/wp-content\/uploads\/2021\/10\/e57c9244-92fa-407f-9407-e2b17f732f05-1-e1571385937680.jpg 409w, https:\/\/www.galerie-schwind.de\/wp-content\/uploads\/2021\/10\/e57c9244-92fa-407f-9407-e2b17f732f05-1-e1571385937680-116x150.jpg 116w\" sizes=\"auto, (max-width: 409px) 100vw, 409px\" \/><figcaption class=\"wp-element-caption\">Fahrgasse 17, 60311 Frankfurt am Main<\/figcaption><\/figure>\n<\/div>\n<\/div>\n\n<div class=\"wp-block-columns bild-text-cols is-layout-flex wp-container-core-columns-is-layout-9d6595d7 wp-block-columns-is-layout-flex\">\n<div class=\"wp-block-column md:pr-6 lg:pr-20 is-layout-flow wp-block-column-is-layout-flow\" style=\"flex-basis:66.66%\">\n<h2 class=\"wp-block-heading\" id=\"entstehung-und-entwicklung-der-galerie\">Origin and development of the gallery<\/h2>\n\n\n\n<p>After reunification, this exchange intensified, particularly with regard to the older generation of artists of the so-called Leipzig School, whereby the friendship with Wolfgang Mattheuer (1927-2004) was particularly influential. In 2000, Werner T\u00fcbke (1929-2004), the second protagonist of the Leipzig School, joined the gallery and consolidated the gallery&#8217;s program with his artistic contribution. The close contact with the city and the lively dialog with its artists led to the idea of establishing business premises in Leipzig at an early stage &#8211; so that when the opportunity arose to acquire Werner T\u00fcbke&#8217;s villa after his death, Karl Schwind moved the headquarters of Galerie Schwind to Leipzig without further ado, thus placing his own trading and working space in the immediate environment of the art he represented. Today, the historic K\u00fcnstlerhaus at Springerstra\u00dfe 5 houses the gallery&#8217;s exhibition rooms on the first floor, the Fritz P. Mayer &#8211; Leipzig School collection on the first floor and the Museum T\u00fcbke Atelier on the top floor. The premises in Frankfurt am Main remain as a branch and have been expanded. Finally, the third gallery in Berlin-Mitte was opened in 2011. In 2022, Karl Schwind handed over the management to his son Paul Gathof.        <br\/>Galerie Schwind looks after the artistic estates of Werner T\u00fcbke, Wolfgang Mattheuer, Willi Sitte and Fritz Cremer.  <br\/><\/p>\n\n\n\n<p>We are constantly buying works by the artists we represent.<\/p>\n<\/div>\n\n\n\n<div class=\"wp-block-column is-layout-flow wp-block-column-is-layout-flow\" style=\"flex-basis:33.33%\">\n<figure class=\"wp-block-image size-full\"><img loading=\"lazy\" decoding=\"async\" width=\"408\" height=\"543\" src=\"http:\/\/galerieschwind.superhappydesign.de\/\/\/wp-content\/uploads\/2021\/10\/G-21_05-Pretty-Girl-326x436-1.jpg\" alt=\"\" class=\"wp-image-3596\" srcset=\"https:\/\/www.galerie-schwind.de\/wp-content\/uploads\/2021\/10\/G-21_05-Pretty-Girl-326x436-1.jpg 408w, https:\/\/www.galerie-schwind.de\/wp-content\/uploads\/2021\/10\/G-21_05-Pretty-Girl-326x436-1-300x400.jpg 300w, https:\/\/www.galerie-schwind.de\/wp-content\/uploads\/2021\/10\/G-21_05-Pretty-Girl-326x436-1-113x150.jpg 113w\" sizes=\"auto, (max-width: 408px) 100vw, 408px\" \/><figcaption class=\"wp-element-caption\">Gro\u00dfe Hamburger Str. 1, 10115 Berlin<\/figcaption><\/figure>\n\n\n\n<p><\/p>\n<\/div>\n<\/div>\n\n<div class=\"wp-block-columns kuenstlerhaus desktop-only is-layout-flex wp-container-core-columns-is-layout-9d6595d7 wp-block-columns-is-layout-flex\">\n<div class=\"wp-block-column is-layout-flow wp-block-column-is-layout-flow\" style=\"flex-basis:66.66%\">\n<h3 class=\"wp-block-heading mb-8\" id=\"kunstlerhaus-in-derspringerstrasse-5\">ARTIST&#8217;S HOUSE AT<br\/>SPRINGER STREET 5<\/h3>\n\n\n\n<figure class=\"wp-block-image size-full\"><img decoding=\"async\" src=\"http:\/\/galerieschwind.superhappydesign.de\/\/\/wp-content\/uploads\/2021\/10\/Skizze_Ku&#x308;nstlerhaus_sw.png\" alt=\"\" class=\"wp-image-3598\"\/><\/figure>\n<\/div>\n\n\n\n<div class=\"wp-block-column is-layout-flow wp-block-column-is-layout-flow\" style=\"flex-basis:33.33%\">\n<div class=\"wp-block-group kuenstlerhaus-legende\"><div class=\"wp-block-group__inner-container is-layout-flow wp-block-group-is-layout-flow\">\n<p class=\"has-text-align-right border-b\"><a class=\"no-underline\" href=\"#tuebke\">Museum T\u00fcbke Studio<\/a><\/p>\n\n\n\n<p class=\"has-text-align-right border-b\"><a class=\"no-underline\" href=\"#leipziger_schule\">Leipzig School, <br\/>Fritz P. Mayer Collection<\/a><\/p>\n\n\n\n<p class=\"has-text-align-right border-b\"><a class=\"no-underline\" href=\"#galerie_schwind\" data-type=\"internal\" data-id=\"#galerie_schwind\">Schwind Gallery<\/a><\/p>\n<\/div><\/div>\n<\/div>\n<\/div>\n\n<div class=\"wp-block-group mobile-only\"><div class=\"wp-block-group__inner-container is-layout-flow wp-block-group-is-layout-flow\">\n<h3 class=\"wp-block-heading\" id=\"kunstlerhaus-in-der-springerstrasse-5\"><meta charset=\"utf-8\"\/>ARTIST&#8217;S HOUSE AT <br\/>SPRINGER STREET 5<\/h3>\n\n\n\n<figure class=\"wp-block-image size-full\"><img decoding=\"async\" src=\"http:\/\/galerieschwind.superhappydesign.de\/\/\/wp-content\/uploads\/2021\/11\/Skizze_Ku&#x308;nstlerhaus_Zahlen_mobil.png\" alt=\"\" class=\"wp-image-3766\"\/><\/figure>\n\n\n\n<ol class=\"wp-block-list\">\n<li>Museum T\u00fcbke Studio<\/li>\n\n\n\n<li>Leipzig School, Fritz P. Mayer Collection<\/li>\n\n\n\n<li>Schwind Gallery<\/li>\n<\/ol>\n<\/div><\/div>\n\n<div class=\"wp-block-columns is-layout-flex wp-container-core-columns-is-layout-9d6595d7 wp-block-columns-is-layout-flex\" id=\"leipziger_schule\">\n<div class=\"wp-block-column bild-rechts is-layout-flow wp-block-column-is-layout-flow\" style=\"flex-basis:33.33%\" id=\"t\u00fcbke\"><div class=\"wp-block-image\">\n<figure class=\"aligncenter size-full is-resized\"><img loading=\"lazy\" decoding=\"async\" width=\"1018\" height=\"768\" src=\"http:\/\/galerieschwind.superhappydesign.de\/wp-content\/uploads\/2022\/02\/Pano_0017_-2.jpg\" alt=\"\" class=\"wp-image-7161\" style=\"width:401px;height:auto\" srcset=\"https:\/\/www.galerie-schwind.de\/wp-content\/uploads\/2022\/02\/Pano_0017_-2.jpg 1018w, https:\/\/www.galerie-schwind.de\/wp-content\/uploads\/2022\/02\/Pano_0017_-2-800x604.jpg 800w, https:\/\/www.galerie-schwind.de\/wp-content\/uploads\/2022\/02\/Pano_0017_-2-500x377.jpg 500w, https:\/\/www.galerie-schwind.de\/wp-content\/uploads\/2022\/02\/Pano_0017_-2-768x579.jpg 768w\" sizes=\"auto, (max-width: 1018px) 100vw, 1018px\" \/><\/figure>\n<\/div>\n\n\n<figure class=\"wp-block-image size-full is-resized\"><img loading=\"lazy\" decoding=\"async\" width=\"1024\" height=\"683\" src=\"http:\/\/galerieschwind.superhappydesign.de\/wp-content\/uploads\/2022\/02\/9994_-2.jpg\" alt=\"\" class=\"wp-image-7162\" style=\"width:400px;height:auto\" srcset=\"https:\/\/www.galerie-schwind.de\/wp-content\/uploads\/2022\/02\/9994_-2.jpg 1024w, https:\/\/www.galerie-schwind.de\/wp-content\/uploads\/2022\/02\/9994_-2-800x534.jpg 800w, https:\/\/www.galerie-schwind.de\/wp-content\/uploads\/2022\/02\/9994_-2-500x333.jpg 500w, https:\/\/www.galerie-schwind.de\/wp-content\/uploads\/2022\/02\/9994_-2-768x512.jpg 768w\" sizes=\"auto, (max-width: 1024px) 100vw, 1024px\" \/><figcaption class=\"wp-element-caption\">Fritz P. Mayer Collection, Leipzig<\/figcaption><\/figure>\n<\/div>\n\n\n\n<div class=\"wp-block-column text-col is-layout-flow wp-block-column-is-layout-flow\" style=\"flex-basis:66.66%\">\n<h2 class=\"wp-block-heading\" id=\"leipziger-schule-sammlung-fritz-p-mayer\">Leipzig School, Fritz P. Mayer Collection<\/h2>\n\n\n\n<p>On September 11, 2010, a permanent exhibition of works from the private collection of Fritz P. Mayer opened on the second floor of the T\u00fcbke Villa on Springerstra\u00dfe in Leipzig.<\/p>\n\n\n\n<p>It offers a unique insight into the oeuvre of the most famous artists of the so-called Leipzig School. The unique collection of the Frankfurt art patron, which has been assembled since 1994, comprises more than 200 works by Wolfgang Mattheuer, Werner T\u00fcbke, Bernhard Heisig, Willi Sitte, Michael Triegel, Arno Rink, Ulrich Hachulla, Erich Kissing and Wolfgang Peuker, among others. After parts of the private art collection were exhibited at the Museum Giersch in Frankfurt am Main in 2007, a representative cross-section of the collection is now permanently accessible to the public on the second floor of the T\u00fcbke Villa Leipzig. <\/p>\n\n\n\n<p>The Fritz P. Mayer Collection contains numerous key works of East German post-war modernism, such as Wolfgang Mattheuer&#8217;s &#8220;Strange Incident&#8221; from 1984\/91, Werner T\u00fcbke&#8217;s &#8220;Happening in Pompeii&#8221; from 1980 and Bernhard Heisig&#8217;s &#8220;The Painter and his Subject&#8221; from 1977\/79, and is one of the most important collections of Leipzig art in Germany. It is constantly being expanded and, since the beginning of 2016, has also housed Karl Hofer&#8217;s &#8220;The Caller&#8221; from 1938, one of the most important German paintings of the interwar period, which was formative for artists in the GDR due to its generalizable motif and was taken up again and again. <\/p>\n\n\n\n<p><\/p>\n<\/div>\n<\/div>\n\n<div class=\"wp-block-columns bild-text-cols bild-rechts is-layout-flex wp-container-core-columns-is-layout-9d6595d7 wp-block-columns-is-layout-flex\" id=\"tuebke\">\n<div class=\"wp-block-column bild-rechts is-layout-flow wp-block-column-is-layout-flow\" style=\"flex-basis:33.33%\" id=\"t\u00fcbke\">\n<figure class=\"wp-block-image size-large\"><img loading=\"lazy\" decoding=\"async\" width=\"1280\" height=\"906\" src=\"http:\/\/galerieschwind.superhappydesign.de\/wp-content\/uploads\/2024\/05\/processed-AE7E91AC-816F-417D-B46D-C65BB1F2C447_N-1280x906.jpg\" alt=\"\" class=\"wp-image-9664\" srcset=\"https:\/\/www.galerie-schwind.de\/wp-content\/uploads\/2024\/05\/processed-AE7E91AC-816F-417D-B46D-C65BB1F2C447_N-1280x906.jpg 1280w, https:\/\/www.galerie-schwind.de\/wp-content\/uploads\/2024\/05\/processed-AE7E91AC-816F-417D-B46D-C65BB1F2C447_N-800x566.jpg 800w, https:\/\/www.galerie-schwind.de\/wp-content\/uploads\/2024\/05\/processed-AE7E91AC-816F-417D-B46D-C65BB1F2C447_N-500x354.jpg 500w, https:\/\/www.galerie-schwind.de\/wp-content\/uploads\/2024\/05\/processed-AE7E91AC-816F-417D-B46D-C65BB1F2C447_N-768x544.jpg 768w, https:\/\/www.galerie-schwind.de\/wp-content\/uploads\/2024\/05\/processed-AE7E91AC-816F-417D-B46D-C65BB1F2C447_N.jpg 1300w\" sizes=\"auto, (max-width: 1280px) 100vw, 1280px\" \/><\/figure>\n\n\n\n<figure class=\"wp-block-image size-large\"><img loading=\"lazy\" decoding=\"async\" width=\"1280\" height=\"927\" src=\"http:\/\/galerieschwind.superhappydesign.de\/wp-content\/uploads\/2024\/05\/processed-7EABB494-B64E-45DC-A88B-6981ED0AA183_N-1280x927.jpg\" alt=\"\" class=\"wp-image-9669\" srcset=\"https:\/\/www.galerie-schwind.de\/wp-content\/uploads\/2024\/05\/processed-7EABB494-B64E-45DC-A88B-6981ED0AA183_N-1280x927.jpg 1280w, https:\/\/www.galerie-schwind.de\/wp-content\/uploads\/2024\/05\/processed-7EABB494-B64E-45DC-A88B-6981ED0AA183_N-800x579.jpg 800w, https:\/\/www.galerie-schwind.de\/wp-content\/uploads\/2024\/05\/processed-7EABB494-B64E-45DC-A88B-6981ED0AA183_N-500x362.jpg 500w, https:\/\/www.galerie-schwind.de\/wp-content\/uploads\/2024\/05\/processed-7EABB494-B64E-45DC-A88B-6981ED0AA183_N-768x556.jpg 768w, https:\/\/www.galerie-schwind.de\/wp-content\/uploads\/2024\/05\/processed-7EABB494-B64E-45DC-A88B-6981ED0AA183_N.jpg 1300w\" sizes=\"auto, (max-width: 1280px) 100vw, 1280px\" \/><figcaption class=\"wp-element-caption\">Museum T\u00fcbke Studio<\/figcaption><\/figure>\n<\/div>\n\n\n\n<div class=\"wp-block-column text-col is-layout-flow wp-block-column-is-layout-flow\" style=\"flex-basis:66.66%\">\n<h2 class=\"wp-block-heading\" id=\"tubke-atelier\">Museum T\u00fcbke Studio<\/h2>\n\n\n\n<p>To mark the 20th anniversary of Werner T\u00fcbke&#8217;s death, the Museum T\u00fcbke Atelier on the top floor of Springerstra\u00dfe 5 has been open to interested visitors since May 2024. In the permanent exhibition, parts of the studio have been restored to the state T\u00fcbke left behind after his death in 2004 using contemporary documents. Paintings, watercolors, drawings and sketches as well as prints provide an insight into the work of Werner T\u00fcbke, so that the &#8220;T\u00fcbke cosmos&#8221; can be experienced directly at his former place of work.  <\/p>\n\n\n\n<p>Both the special and the permanent exhibition are organized and supported by the non-profit association T\u00fcbke Atelier e.V.<\/p>\n\n\n\n<p><a href=\"https:\/\/www.tuebke-verein.de\/\" target=\"_blank\" rel=\"noreferrer noopener\">Further information about the Museum T\u00fcbke Atelier<\/a><\/p>\n<\/div>\n<\/div>\n","protected":false},"excerpt":{"rendered":"<p>HISTORY OF THE SCHWIND GALLERY Galerie Schwind was founded in Frankfurt am Main in 1989. The managing director at the&hellip; <a class=\"more-link\" href=\"https:\/\/www.galerie-schwind.de\/en\/about\/\">Continue reading <span class=\"screen-reader-text\">About<\/span><\/a><\/p>\n","protected":false},"author":1,"featured_media":0,"parent":0,"menu_order":0,"comment_status":"closed","ping_status":"closed","template":"","meta":{"_acf_changed":false,"_coblocks_attr":"","_coblocks_dimensions":"","_coblocks_responsive_height":"","_coblocks_accordion_ie_support":"","footnotes":""},"class_list":["post-13218","page","type-page","status-publish","hentry","entry"],"acf":[],"yoast_head":"<!-- This site is optimized with the Yoast SEO plugin v27.2 - https:\/\/yoast.com\/product\/yoast-seo-wordpress\/ -->\n<title>About - Galerie Schwind<\/title>\n<meta name=\"description\" content=\"The Fritz P. Mayer Collection is the largest and one of the most important collections on the Leipzig School, works by T\u00fcbke, Triegel, Mattheuer\" \/>\n<meta name=\"robots\" content=\"index, follow, max-snippet:-1, max-image-preview:large, max-video-preview:-1\" \/>\n<link rel=\"canonical\" href=\"https:\/\/www.galerie-schwind.de\/en\/about\/\" \/>\n<meta property=\"og:locale\" content=\"en_US\" \/>\n<meta property=\"og:type\" content=\"article\" \/>\n<meta property=\"og:title\" content=\"About - Galerie Schwind\" \/>\n<meta property=\"og:description\" content=\"The Fritz P. Mayer Collection is the largest and one of the most important collections on the Leipzig School, works by T\u00fcbke, Triegel, Mattheuer\" \/>\n<meta property=\"og:url\" content=\"https:\/\/www.galerie-schwind.de\/en\/about\/\" \/>\n<meta property=\"og:site_name\" content=\"Galerie Schwind\" \/>\n<meta property=\"article:modified_time\" content=\"2025-05-13T10:17:12+00:00\" \/>\n<meta property=\"og:image\" content=\"http:\/\/galerieschwind.superhappydesign.de\/\/\/wp-content\/uploads\/2021\/10\/Galerie-Berlin-e1522943066289.jpg\" \/>\n<meta name=\"twitter:card\" content=\"summary_large_image\" \/>\n<meta name=\"twitter:label1\" content=\"Est. reading time\" \/>\n\t<meta name=\"twitter:data1\" content=\"3 minutes\" \/>\n<script type=\"application\/ld+json\" class=\"yoast-schema-graph\">{\"@context\":\"https:\/\/schema.org\",\"@graph\":[{\"@type\":\"WebPage\",\"@id\":\"https:\/\/www.galerie-schwind.de\/en\/about\/\",\"url\":\"https:\/\/www.galerie-schwind.de\/en\/about\/\",\"name\":\"About - Galerie Schwind\",\"isPartOf\":{\"@id\":\"https:\/\/www.galerie-schwind.de\/en\/#website\"},\"primaryImageOfPage\":{\"@id\":\"https:\/\/www.galerie-schwind.de\/en\/about\/#primaryimage\"},\"image\":{\"@id\":\"https:\/\/www.galerie-schwind.de\/en\/about\/#primaryimage\"},\"thumbnailUrl\":\"http:\/\/galerieschwind.superhappydesign.de\/\/\/wp-content\/uploads\/2021\/10\/Galerie-Berlin-e1522943066289.jpg\",\"datePublished\":\"2021-10-21T12:15:08+00:00\",\"dateModified\":\"2025-05-13T10:17:12+00:00\",\"description\":\"The Fritz P. Mayer Collection is the largest and one of the most important collections on the Leipzig School, works by T\u00fcbke, Triegel, Mattheuer\",\"breadcrumb\":{\"@id\":\"https:\/\/www.galerie-schwind.de\/en\/about\/#breadcrumb\"},\"inLanguage\":\"en-US\",\"potentialAction\":[{\"@type\":\"ReadAction\",\"target\":[\"https:\/\/www.galerie-schwind.de\/en\/about\/\"]}]},{\"@type\":\"ImageObject\",\"inLanguage\":\"en-US\",\"@id\":\"https:\/\/www.galerie-schwind.de\/en\/about\/#primaryimage\",\"url\":\"http:\/\/galerieschwind.superhappydesign.de\/\/\/wp-content\/uploads\/2021\/10\/Galerie-Berlin-e1522943066289.jpg\",\"contentUrl\":\"http:\/\/galerieschwind.superhappydesign.de\/\/\/wp-content\/uploads\/2021\/10\/Galerie-Berlin-e1522943066289.jpg\"},{\"@type\":\"BreadcrumbList\",\"@id\":\"https:\/\/www.galerie-schwind.de\/en\/about\/#breadcrumb\",\"itemListElement\":[{\"@type\":\"ListItem\",\"position\":1,\"name\":\"Startseite\",\"item\":\"https:\/\/www.galerie-schwind.de\/en\/\"},{\"@type\":\"ListItem\",\"position\":2,\"name\":\"About\"}]},{\"@type\":\"WebSite\",\"@id\":\"https:\/\/www.galerie-schwind.de\/en\/#website\",\"url\":\"https:\/\/www.galerie-schwind.de\/en\/\",\"name\":\"Galerie Schwind\",\"description\":\"\",\"potentialAction\":[{\"@type\":\"SearchAction\",\"target\":{\"@type\":\"EntryPoint\",\"urlTemplate\":\"https:\/\/www.galerie-schwind.de\/en\/?s={search_term_string}\"},\"query-input\":{\"@type\":\"PropertyValueSpecification\",\"valueRequired\":true,\"valueName\":\"search_term_string\"}}],\"inLanguage\":\"en-US\"}]}<\/script>\n<!-- \/ Yoast SEO plugin. -->","yoast_head_json":{"title":"About - Galerie Schwind","description":"The Fritz P. Mayer Collection is the largest and one of the most important collections on the Leipzig School, works by T\u00fcbke, Triegel, Mattheuer","robots":{"index":"index","follow":"follow","max-snippet":"max-snippet:-1","max-image-preview":"max-image-preview:large","max-video-preview":"max-video-preview:-1"},"canonical":"https:\/\/www.galerie-schwind.de\/en\/about\/","og_locale":"en_US","og_type":"article","og_title":"About - Galerie Schwind","og_description":"The Fritz P. Mayer Collection is the largest and one of the most important collections on the Leipzig School, works by T\u00fcbke, Triegel, Mattheuer","og_url":"https:\/\/www.galerie-schwind.de\/en\/about\/","og_site_name":"Galerie Schwind","article_modified_time":"2025-05-13T10:17:12+00:00","og_image":[{"url":"http:\/\/galerieschwind.superhappydesign.de\/\/\/wp-content\/uploads\/2021\/10\/Galerie-Berlin-e1522943066289.jpg","type":"","width":"","height":""}],"twitter_card":"summary_large_image","twitter_misc":{"Est. reading time":"3 minutes"},"schema":{"@context":"https:\/\/schema.org","@graph":[{"@type":"WebPage","@id":"https:\/\/www.galerie-schwind.de\/en\/about\/","url":"https:\/\/www.galerie-schwind.de\/en\/about\/","name":"About - Galerie Schwind","isPartOf":{"@id":"https:\/\/www.galerie-schwind.de\/en\/#website"},"primaryImageOfPage":{"@id":"https:\/\/www.galerie-schwind.de\/en\/about\/#primaryimage"},"image":{"@id":"https:\/\/www.galerie-schwind.de\/en\/about\/#primaryimage"},"thumbnailUrl":"http:\/\/galerieschwind.superhappydesign.de\/\/\/wp-content\/uploads\/2021\/10\/Galerie-Berlin-e1522943066289.jpg","datePublished":"2021-10-21T12:15:08+00:00","dateModified":"2025-05-13T10:17:12+00:00","description":"The Fritz P. Mayer Collection is the largest and one of the most important collections on the Leipzig School, works by T\u00fcbke, Triegel, Mattheuer","breadcrumb":{"@id":"https:\/\/www.galerie-schwind.de\/en\/about\/#breadcrumb"},"inLanguage":"en-US","potentialAction":[{"@type":"ReadAction","target":["https:\/\/www.galerie-schwind.de\/en\/about\/"]}]},{"@type":"ImageObject","inLanguage":"en-US","@id":"https:\/\/www.galerie-schwind.de\/en\/about\/#primaryimage","url":"http:\/\/galerieschwind.superhappydesign.de\/\/\/wp-content\/uploads\/2021\/10\/Galerie-Berlin-e1522943066289.jpg","contentUrl":"http:\/\/galerieschwind.superhappydesign.de\/\/\/wp-content\/uploads\/2021\/10\/Galerie-Berlin-e1522943066289.jpg"},{"@type":"BreadcrumbList","@id":"https:\/\/www.galerie-schwind.de\/en\/about\/#breadcrumb","itemListElement":[{"@type":"ListItem","position":1,"name":"Startseite","item":"https:\/\/www.galerie-schwind.de\/en\/"},{"@type":"ListItem","position":2,"name":"About"}]},{"@type":"WebSite","@id":"https:\/\/www.galerie-schwind.de\/en\/#website","url":"https:\/\/www.galerie-schwind.de\/en\/","name":"Galerie Schwind","description":"","potentialAction":[{"@type":"SearchAction","target":{"@type":"EntryPoint","urlTemplate":"https:\/\/www.galerie-schwind.de\/en\/?s={search_term_string}"},"query-input":{"@type":"PropertyValueSpecification","valueRequired":true,"valueName":"search_term_string"}}],"inLanguage":"en-US"}]}},"_links":{"self":[{"href":"https:\/\/www.galerie-schwind.de\/en\/wp-json\/wp\/v2\/pages\/13218","targetHints":{"allow":["GET"]}}],"collection":[{"href":"https:\/\/www.galerie-schwind.de\/en\/wp-json\/wp\/v2\/pages"}],"about":[{"href":"https:\/\/www.galerie-schwind.de\/en\/wp-json\/wp\/v2\/types\/page"}],"author":[{"embeddable":true,"href":"https:\/\/www.galerie-schwind.de\/en\/wp-json\/wp\/v2\/users\/1"}],"replies":[{"embeddable":true,"href":"https:\/\/www.galerie-schwind.de\/en\/wp-json\/wp\/v2\/comments?post=13218"}],"version-history":[{"count":0,"href":"https:\/\/www.galerie-schwind.de\/en\/wp-json\/wp\/v2\/pages\/13218\/revisions"}],"wp:attachment":[{"href":"https:\/\/www.galerie-schwind.de\/en\/wp-json\/wp\/v2\/media?parent=13218"}],"curies":[{"name":"wp","href":"https:\/\/api.w.org\/{rel}","templated":true}]}}